{"id":193,"date":"2025-06-12T09:26:33","date_gmt":"2025-06-12T09:26:33","guid":{"rendered":"https:\/\/pc-farma.com\/?page_id=193"},"modified":"2025-06-18T16:05:24","modified_gmt":"2025-06-18T16:05:24","slug":"noticia-1","status":"publish","type":"page","link":"https:\/\/pc-farma.com\/index.php\/noticia-1\/","title":{"rendered":"Noticia 1"},"content":{"rendered":"\t\t<div data-elementor-type=\"wp-page\" data-elementor-id=\"193\" class=\"elementor elementor-193\">\n\t\t\t\t<div class=\"elementor-element elementor-element-7c82223 e-con-full e-flex e-con e-parent\" data-id=\"7c82223\" data-element_type=\"container\" data-e-type=\"container\">\n\t\t\t\t<div class=\"elementor-element elementor-element-42e93d1 elementor-hidden-desktop elementor-hidden-tablet elementor-widget elementor-widget-image\" data-id=\"42e93d1\" data-element_type=\"widget\" data-e-type=\"widget\" data-widget_type=\"image.default\">\n\t\t\t\t<div class=\"elementor-widget-container\">\n\t\t\t\t\t\t\t\t\t\t\t\t\t\t\t<img fetchpriority=\"high\" decoding=\"async\" width=\"555\" height=\"312\" src=\"https:\/\/pc-farma.com\/wp-content\/uploads\/2025\/06\/Noticias-3.png\" class=\"attachment-full size-full wp-image-637\" alt=\"\" srcset=\"https:\/\/pc-farma.com\/wp-content\/uploads\/2025\/06\/Noticias-3.png 555w, https:\/\/pc-farma.com\/wp-content\/uploads\/2025\/06\/Noticias-3-300x169.png 300w\" sizes=\"(max-width: 555px) 100vw, 555px\" \/>\t\t\t\t\t\t\t\t\t\t\t\t\t\t\t<\/div>\n\t\t\t\t<\/div>\n\t\t\t\t<\/div>\n\t\t<div class=\"elementor-element elementor-element-70624c1 e-con-full e-flex e-con e-parent\" data-id=\"70624c1\" data-element_type=\"container\" data-e-type=\"container\">\n\t\t\t\t<div class=\"elementor-element elementor-element-09ea0ec elementor-hidden-mobile elementor-widget elementor-widget-image\" data-id=\"09ea0ec\" data-element_type=\"widget\" data-e-type=\"widget\" data-widget_type=\"image.default\">\n\t\t\t\t<div class=\"elementor-widget-container\">\n\t\t\t\t\t\t\t\t\t\t\t\t\t\t\t<img decoding=\"async\" width=\"1900\" height=\"312\" data-src=\"https:\/\/pc-farma.com\/wp-content\/uploads\/2025\/06\/Noticias-2.png\" class=\"attachment-full size-full wp-image-485 lazyload\" alt=\"\" data-srcset=\"https:\/\/pc-farma.com\/wp-content\/uploads\/2025\/06\/Noticias-2.png 1900w, https:\/\/pc-farma.com\/wp-content\/uploads\/2025\/06\/Noticias-2-300x49.png 300w, https:\/\/pc-farma.com\/wp-content\/uploads\/2025\/06\/Noticias-2-1024x168.png 1024w, https:\/\/pc-farma.com\/wp-content\/uploads\/2025\/06\/Noticias-2-768x126.png 768w, https:\/\/pc-farma.com\/wp-content\/uploads\/2025\/06\/Noticias-2-1536x252.png 1536w\" data-sizes=\"(max-width: 1900px) 100vw, 1900px\" src=\"data:image\/svg+xml;base64,PHN2ZyB3aWR0aD0iMSIgaGVpZ2h0PSIxIiB4bWxucz0iaHR0cDovL3d3dy53My5vcmcvMjAwMC9zdmciPjwvc3ZnPg==\" style=\"--smush-placeholder-width: 1900px; --smush-placeholder-aspect-ratio: 1900\/312;\" \/>\t\t\t\t\t\t\t\t\t\t\t\t\t\t\t<\/div>\n\t\t\t\t<\/div>\n\t\t\t\t<\/div>\n\t\t<div class=\"elementor-element elementor-element-d24d758 e-flex e-con-boxed e-con e-parent\" data-id=\"d24d758\" data-element_type=\"container\" data-e-type=\"container\">\n\t\t\t\t\t<div class=\"e-con-inner\">\n\t\t\t\t<div class=\"elementor-element elementor-element-b9bdb01 elementor-widget elementor-widget-spacer\" data-id=\"b9bdb01\" data-element_type=\"widget\" data-e-type=\"widget\" data-widget_type=\"spacer.default\">\n\t\t\t\t<div class=\"elementor-widget-container\">\n\t\t\t\t\t\t\t<div class=\"elementor-spacer\">\n\t\t\t<div class=\"elementor-spacer-inner\"><\/div>\n\t\t<\/div>\n\t\t\t\t\t\t<\/div>\n\t\t\t\t<\/div>\n\t\t\t\t\t<\/div>\n\t\t\t\t<\/div>\n\t\t<div class=\"elementor-element elementor-element-4e6f8ea e-flex e-con-boxed e-con e-parent\" data-id=\"4e6f8ea\" data-element_type=\"container\" data-e-type=\"container\">\n\t\t\t\t\t<div class=\"e-con-inner\">\n\t\t\t\t<div class=\"elementor-element elementor-element-4ac70e9 elementor-widget elementor-widget-heading\" data-id=\"4ac70e9\" data-element_type=\"widget\" data-e-type=\"widget\" data-widget_type=\"heading.default\">\n\t\t\t\t<div class=\"elementor-widget-container\">\n\t\t\t\t\t<h2 class=\"elementor-heading-title elementor-size-default\">PC Farma apresenta nova imagem e refor\u00e7a compromisso com os clientes<\/h2>\t\t\t\t<\/div>\n\t\t\t\t<\/div>\n\t\t\t\t<div class=\"elementor-element elementor-element-d76ec84 elementor-widget elementor-widget-spacer\" data-id=\"d76ec84\" data-element_type=\"widget\" data-e-type=\"widget\" data-widget_type=\"spacer.default\">\n\t\t\t\t<div class=\"elementor-widget-container\">\n\t\t\t\t\t\t\t<div class=\"elementor-spacer\">\n\t\t\t<div class=\"elementor-spacer-inner\"><\/div>\n\t\t<\/div>\n\t\t\t\t\t\t<\/div>\n\t\t\t\t<\/div>\n\t\t\t\t\t<\/div>\n\t\t\t\t<\/div>\n\t\t<div class=\"elementor-element elementor-element-717c251 e-flex e-con-boxed e-con e-parent\" data-id=\"717c251\" data-element_type=\"container\" data-e-type=\"container\">\n\t\t\t\t\t<div class=\"e-con-inner\">\n\t\t\t\t<div class=\"elementor-element elementor-element-d989cb8 elementor-widget elementor-widget-text-editor\" data-id=\"d989cb8\" data-element_type=\"widget\" data-e-type=\"widget\" data-widget_type=\"text-editor.default\">\n\t\t\t\t<div class=\"elementor-widget-container\">\n\t\t\t\t\t\t\t\t\t<p>A PC Farma entra numa nova fase da sua hist\u00f3ria, com o lan\u00e7amento de uma identidade visual renovada que refor\u00e7a o nosso posicionamento como refer\u00eancia em tecnologia de proximidade na Marinha Grande.<\/p><p>Com uma experi\u00eancia acumulada de mais de uma d\u00e9cada, sentimos que era o momento certo para alinhar a nossa imagem com aquilo que j\u00e1 faz parte do nosso ADN: cuidar, resolver e acompanhar cada cliente, com um servi\u00e7o t\u00e9cnico de excel\u00eancia, simpatia no atendimento e solu\u00e7\u00f5es verdadeiramente eficazes.<\/p><p>A nova imagem da PC Farma surge com um visual mais atual, um novo logotipo e um slogan que nos define na ess\u00eancia:<br \/>\u201cCuidados, solu\u00e7\u00f5es e tecnologia.\u201d<\/p><p>Mas esta mudan\u00e7a vai al\u00e9m do aspeto gr\u00e1fico. Marca uma evolu\u00e7\u00e3o no servi\u00e7o e no compromisso que assumimos com todos os que confiam em n\u00f3s:<\/p><ul><li>Melhor organiza\u00e7\u00e3o da loja e experi\u00eancia de atendimento<\/li><li>Comunica\u00e7\u00e3o mais clara, direta e orientada para o cliente<\/li><li>Novos canais digitais para facilitar o contacto e os pedidos<\/li><li>Expans\u00e3o dos servi\u00e7os para empresas, com mais solu\u00e7\u00f5es integradas<\/li><li>Este \u00e9 o nosso compromisso renovado: estar ainda mais presentes, ainda mais atentos e sempre prontos a ajudar.<\/li><\/ul><p>A PC Farma continua a ser a loja de sempre \u2014 agora com uma imagem que acompanha a nossa evolu\u00e7\u00e3o e a sua confian\u00e7a.<\/p>\t\t\t\t\t\t\t\t<\/div>\n\t\t\t\t<\/div>\n\t\t\t\t\t<\/div>\n\t\t\t\t<\/div>\n\t\t<div class=\"elementor-element elementor-element-f04a5fa e-flex e-con-boxed e-con e-parent\" data-id=\"f04a5fa\" data-element_type=\"container\" data-e-type=\"container\">\n\t\t\t\t\t<div class=\"e-con-inner\">\n\t\t\t\t<div class=\"elementor-element elementor-element-f962a39 elementor-align-center elementor-widget elementor-widget-button\" data-id=\"f962a39\" data-element_type=\"widget\" data-e-type=\"widget\" data-widget_type=\"button.default\">\n\t\t\t\t<div class=\"elementor-widget-container\">\n\t\t\t\t\t\t\t\t\t<div class=\"elementor-button-wrapper\">\n\t\t\t\t\t<a class=\"elementor-button elementor-button-link elementor-size-sm\" href=\"https:\/\/pc-farma.com\/#noticias\">\n\t\t\t\t\t\t<span class=\"elementor-button-content-wrapper\">\n\t\t\t\t\t\t\t\t\t<span class=\"elementor-button-text\">Not\u00edcias<\/span>\n\t\t\t\t\t<\/span>\n\t\t\t\t\t<\/a>\n\t\t\t\t<\/div>\n\t\t\t\t\t\t\t\t<\/div>\n\t\t\t\t<\/div>\n\t\t\t\t\t<\/div>\n\t\t\t\t<\/div>\n\t\t<div class=\"elementor-element elementor-element-8bc4386 e-flex e-con-boxed e-con e-parent\" data-id=\"8bc4386\" data-element_type=\"container\" data-e-type=\"container\">\n\t\t\t\t\t<div class=\"e-con-inner\">\n\t\t\t\t<div class=\"elementor-element elementor-element-b49ca60 elementor-widget elementor-widget-spacer\" data-id=\"b49ca60\" data-element_type=\"widget\" data-e-type=\"widget\" data-widget_type=\"spacer.default\">\n\t\t\t\t<div class=\"elementor-widget-container\">\n\t\t\t\t\t\t\t<div class=\"elementor-spacer\">\n\t\t\t<div class=\"elementor-spacer-inner\"><\/div>\n\t\t<\/div>\n\t\t\t\t\t\t<\/div>\n\t\t\t\t<\/div>\n\t\t\t\t\t<\/div>\n\t\t\t\t<\/div>\n\t\t\t\t<\/div>\n\t\t","protected":false},"excerpt":{"rendered":"<p>PC Farma apresenta nova imagem e refor\u00e7a compromisso com os clientes A PC Farma entra numa nova fase da sua hist\u00f3ria, com o lan\u00e7amento de uma identidade visual renovada que refor\u00e7a o nosso posicionamento como refer\u00eancia em tecnologia de proximidade na Marinha Grande. Com uma experi\u00eancia acumulada de mais de uma d\u00e9cada, sentimos que era [&hellip;]<\/p>\n","protected":false},"author":2,"featured_media":0,"parent":0,"menu_order":0,"comment_status":"closed","ping_status":"closed","template":"elementor_header_footer","meta":{"footnotes":""},"class_list":["post-193","page","type-page","status-publish","hentry"],"_links":{"self":[{"href":"https:\/\/pc-farma.com\/index.php\/wp-json\/wp\/v2\/pages\/193","targetHints":{"allow":["GET"]}}],"collection":[{"href":"https:\/\/pc-farma.com\/index.php\/wp-json\/wp\/v2\/pages"}],"about":[{"href":"https:\/\/pc-farma.com\/index.php\/wp-json\/wp\/v2\/types\/page"}],"author":[{"embeddable":true,"href":"https:\/\/pc-farma.com\/index.php\/wp-json\/wp\/v2\/users\/2"}],"replies":[{"embeddable":true,"href":"https:\/\/pc-farma.com\/index.php\/wp-json\/wp\/v2\/comments?post=193"}],"version-history":[{"count":34,"href":"https:\/\/pc-farma.com\/index.php\/wp-json\/wp\/v2\/pages\/193\/revisions"}],"predecessor-version":[{"id":646,"href":"https:\/\/pc-farma.com\/index.php\/wp-json\/wp\/v2\/pages\/193\/revisions\/646"}],"wp:attachment":[{"href":"https:\/\/pc-farma.com\/index.php\/wp-json\/wp\/v2\/media?parent=193"}],"curies":[{"name":"wp","href":"https:\/\/api.w.org\/{rel}","templated":true}]}}