{"id":440,"date":"2025-06-13T15:40:27","date_gmt":"2025-06-13T15:40:27","guid":{"rendered":"https:\/\/pc-farma.com\/?page_id=440"},"modified":"2025-06-18T16:24:41","modified_gmt":"2025-06-18T16:24:41","slug":"suporte-tecnico","status":"publish","type":"page","link":"https:\/\/pc-farma.com\/index.php\/suporte-tecnico\/","title":{"rendered":"Suporte T\u00e9cnico"},"content":{"rendered":"\t\t<div data-elementor-type=\"wp-page\" data-elementor-id=\"440\" class=\"elementor elementor-440\">\n\t\t\t\t<div class=\"elementor-element elementor-element-23a6822 e-con-full e-flex e-con e-parent\" data-id=\"23a6822\" data-element_type=\"container\" data-e-type=\"container\">\n\t\t\t\t<div class=\"elementor-element elementor-element-4996040 elementor-hidden-desktop elementor-hidden-tablet elementor-widget elementor-widget-image\" data-id=\"4996040\" data-element_type=\"widget\" data-e-type=\"widget\" data-widget_type=\"image.default\">\n\t\t\t\t<div class=\"elementor-widget-container\">\n\t\t\t\t\t\t\t\t\t\t\t\t\t\t\t<img fetchpriority=\"high\" decoding=\"async\" width=\"555\" height=\"312\" src=\"https:\/\/pc-farma.com\/wp-content\/uploads\/2025\/06\/suporte-tecnico.png\" class=\"attachment-full size-full wp-image-673\" alt=\"\" srcset=\"https:\/\/pc-farma.com\/wp-content\/uploads\/2025\/06\/suporte-tecnico.png 555w, https:\/\/pc-farma.com\/wp-content\/uploads\/2025\/06\/suporte-tecnico-300x169.png 300w\" sizes=\"(max-width: 555px) 100vw, 555px\" \/>\t\t\t\t\t\t\t\t\t\t\t\t\t\t\t<\/div>\n\t\t\t\t<\/div>\n\t\t\t\t<\/div>\n\t\t<div class=\"elementor-element elementor-element-260e280 e-con-full e-flex e-con e-parent\" data-id=\"260e280\" data-element_type=\"container\" data-e-type=\"container\">\n\t\t\t\t<div class=\"elementor-element elementor-element-9f724dc elementor-hidden-mobile elementor-widget elementor-widget-image\" data-id=\"9f724dc\" data-element_type=\"widget\" data-e-type=\"widget\" data-widget_type=\"image.default\">\n\t\t\t\t<div class=\"elementor-widget-container\">\n\t\t\t\t\t\t\t\t\t\t\t\t\t\t\t<img decoding=\"async\" width=\"1900\" height=\"312\" data-src=\"https:\/\/pc-farma.com\/wp-content\/uploads\/2025\/06\/Adicionar-um-subtitulo.png\" class=\"attachment-full size-full wp-image-442 lazyload\" alt=\"\" data-srcset=\"https:\/\/pc-farma.com\/wp-content\/uploads\/2025\/06\/Adicionar-um-subtitulo.png 1900w, https:\/\/pc-farma.com\/wp-content\/uploads\/2025\/06\/Adicionar-um-subtitulo-300x49.png 300w, https:\/\/pc-farma.com\/wp-content\/uploads\/2025\/06\/Adicionar-um-subtitulo-1024x168.png 1024w, https:\/\/pc-farma.com\/wp-content\/uploads\/2025\/06\/Adicionar-um-subtitulo-768x126.png 768w, https:\/\/pc-farma.com\/wp-content\/uploads\/2025\/06\/Adicionar-um-subtitulo-1536x252.png 1536w\" data-sizes=\"(max-width: 1900px) 100vw, 1900px\" src=\"data:image\/svg+xml;base64,PHN2ZyB3aWR0aD0iMSIgaGVpZ2h0PSIxIiB4bWxucz0iaHR0cDovL3d3dy53My5vcmcvMjAwMC9zdmciPjwvc3ZnPg==\" style=\"--smush-placeholder-width: 1900px; --smush-placeholder-aspect-ratio: 1900\/312;\" \/>\t\t\t\t\t\t\t\t\t\t\t\t\t\t\t<\/div>\n\t\t\t\t<\/div>\n\t\t\t\t<\/div>\n\t\t<div class=\"elementor-element elementor-element-b03c972 e-flex e-con-boxed e-con e-parent\" data-id=\"b03c972\" data-element_type=\"container\" data-e-type=\"container\">\n\t\t\t\t\t<div class=\"e-con-inner\">\n\t\t\t\t<div class=\"elementor-element elementor-element-fb0510a elementor-widget elementor-widget-spacer\" data-id=\"fb0510a\" data-element_type=\"widget\" data-e-type=\"widget\" data-widget_type=\"spacer.default\">\n\t\t\t\t<div class=\"elementor-widget-container\">\n\t\t\t\t\t\t\t<div class=\"elementor-spacer\">\n\t\t\t<div class=\"elementor-spacer-inner\"><\/div>\n\t\t<\/div>\n\t\t\t\t\t\t<\/div>\n\t\t\t\t<\/div>\n\t\t\t\t\t<\/div>\n\t\t\t\t<\/div>\n\t\t<div class=\"elementor-element elementor-element-568c181 e-flex e-con-boxed e-con e-parent\" data-id=\"568c181\" data-element_type=\"container\" data-e-type=\"container\">\n\t\t\t\t\t<div class=\"e-con-inner\">\n\t\t<div class=\"elementor-element elementor-element-67c2e72 e-con-full e-flex e-con e-child\" data-id=\"67c2e72\" data-element_type=\"container\" data-e-type=\"container\">\n\t\t\t\t<div class=\"elementor-element elementor-element-0f76084 elementor-widget elementor-widget-text-editor\" data-id=\"0f76084\" data-element_type=\"widget\" data-e-type=\"widget\" data-widget_type=\"text-editor.default\">\n\t\t\t\t<div class=\"elementor-widget-container\">\n\t\t\t\t\t\t\t\t\t<h3>Pedir Ajuda<\/h3>\t\t\t\t\t\t\t\t<\/div>\n\t\t\t\t<\/div>\n\t\t<div class=\"elementor-element elementor-element-54b1e53 e-con-full e-flex e-con e-child\" data-id=\"54b1e53\" data-element_type=\"container\" data-e-type=\"container\">\n\t\t<div class=\"elementor-element elementor-element-24cc358 e-grid e-con-full e-con e-child\" data-id=\"24cc358\" data-element_type=\"container\" data-e-type=\"container\">\n\t\t\t\t<div class=\"elementor-element elementor-element-3f5d183 elementor-align-right elementor-hidden-mobile elementor-widget elementor-widget-button\" data-id=\"3f5d183\" data-element_type=\"widget\" data-e-type=\"widget\" data-widget_type=\"button.default\">\n\t\t\t\t<div class=\"elementor-widget-container\">\n\t\t\t\t\t\t\t\t\t<div class=\"elementor-button-wrapper\">\n\t\t\t\t\t<a class=\"elementor-button elementor-button-link elementor-size-sm\" href=\"mailto:suporte@pc-farma.com\">\n\t\t\t\t\t\t<span class=\"elementor-button-content-wrapper\">\n\t\t\t\t\t\t\t\t\t<span class=\"elementor-button-text\">E-mail<\/span>\n\t\t\t\t\t<\/span>\n\t\t\t\t\t<\/a>\n\t\t\t\t<\/div>\n\t\t\t\t\t\t\t\t<\/div>\n\t\t\t\t<\/div>\n\t\t\t\t<div class=\"elementor-element elementor-element-f776378 elementor-align-left elementor-hidden-mobile elementor-widget elementor-widget-button\" data-id=\"f776378\" data-element_type=\"widget\" data-e-type=\"widget\" data-widget_type=\"button.default\">\n\t\t\t\t<div class=\"elementor-widget-container\">\n\t\t\t\t\t\t\t\t\t<div class=\"elementor-button-wrapper\">\n\t\t\t\t\t<a class=\"elementor-button elementor-button-link elementor-size-sm\" href=\"https:\/\/pc-farma.com\/index.php\/suporte-tecnico\/#form\">\n\t\t\t\t\t\t<span class=\"elementor-button-content-wrapper\">\n\t\t\t\t\t\t\t\t\t<span class=\"elementor-button-text\">Formul\u00e1rio<\/span>\n\t\t\t\t\t<\/span>\n\t\t\t\t\t<\/a>\n\t\t\t\t<\/div>\n\t\t\t\t\t\t\t\t<\/div>\n\t\t\t\t<\/div>\n\t\t\t\t<\/div>\n\t\t\t\t<\/div>\n\t\t\t\t<\/div>\n\t\t<div class=\"elementor-element elementor-element-da183bd e-con-full e-flex e-con e-child\" data-id=\"da183bd\" data-element_type=\"container\" data-e-type=\"container\">\n\t\t\t\t<div class=\"elementor-element elementor-element-2079343 elementor-widget elementor-widget-text-editor\" data-id=\"2079343\" data-element_type=\"widget\" data-e-type=\"widget\" data-widget_type=\"text-editor.default\">\n\t\t\t\t<div class=\"elementor-widget-container\">\n\t\t\t\t\t\t\t\t\t<ul><li data-start=\"116\" data-end=\"181\"><p data-start=\"118\" data-end=\"181\">Escolha entre e-mail ou por formul\u00e1rio conforme a sua prefer\u00eancia.<\/p><\/li><li data-start=\"116\" data-end=\"181\"><p data-start=\"118\" data-end=\"181\">Descreva detalhadamente o seu problema ou quest\u00e3o.<\/p><\/li><li data-start=\"116\" data-end=\"181\"><p data-start=\"118\" data-end=\"181\">A nossa equipa responder\u00e1 o mais rapidamente poss\u00edvel.<\/p><\/li><li data-start=\"116\" data-end=\"181\"><p data-start=\"118\" data-end=\"181\">Para quest\u00f5es urgentes, utilize o formul\u00e1rio para resposta mais r\u00e1pida.<\/p><\/li><li data-start=\"116\" data-end=\"181\"><p data-start=\"118\" data-end=\"181\">Tamb\u00e9m pode enviar a sua quest\u00e3o diretamente para <a href=\"mailto:suporte@pc-farma.com\">suporte@pc-farma.com<\/a><\/p><\/li><\/ul>\t\t\t\t\t\t\t\t<\/div>\n\t\t\t\t<\/div>\n\t\t\t\t<\/div>\n\t\t\t\t\t<\/div>\n\t\t\t\t<\/div>\n\t\t<div class=\"elementor-element elementor-element-cf838bc e-grid e-con-boxed e-con e-parent\" data-id=\"cf838bc\" data-element_type=\"container\" data-e-type=\"container\">\n\t\t\t\t\t<div class=\"e-con-inner\">\n\t\t\t\t<div class=\"elementor-element elementor-element-ef7dce5 elementor-align-right elementor-hidden-desktop elementor-hidden-tablet elementor-widget elementor-widget-button\" data-id=\"ef7dce5\" data-element_type=\"widget\" data-e-type=\"widget\" data-widget_type=\"button.default\">\n\t\t\t\t<div class=\"elementor-widget-container\">\n\t\t\t\t\t\t\t\t\t<div class=\"elementor-button-wrapper\">\n\t\t\t\t\t<a class=\"elementor-button elementor-button-link elementor-size-sm\" href=\"mailto:suporte@pc-farma.com\">\n\t\t\t\t\t\t<span class=\"elementor-button-content-wrapper\">\n\t\t\t\t\t\t\t\t\t<span class=\"elementor-button-text\">E-mail<\/span>\n\t\t\t\t\t<\/span>\n\t\t\t\t\t<\/a>\n\t\t\t\t<\/div>\n\t\t\t\t\t\t\t\t<\/div>\n\t\t\t\t<\/div>\n\t\t\t\t<div class=\"elementor-element elementor-element-216c8b3 elementor-align-left elementor-hidden-desktop elementor-hidden-tablet elementor-widget elementor-widget-button\" data-id=\"216c8b3\" data-element_type=\"widget\" data-e-type=\"widget\" data-widget_type=\"button.default\">\n\t\t\t\t<div class=\"elementor-widget-container\">\n\t\t\t\t\t\t\t\t\t<div class=\"elementor-button-wrapper\">\n\t\t\t\t\t<a class=\"elementor-button elementor-button-link elementor-size-sm\" href=\"https:\/\/pc-farma.com\/index.php\/suporte-tecnico\/#form\">\n\t\t\t\t\t\t<span class=\"elementor-button-content-wrapper\">\n\t\t\t\t\t\t\t\t\t<span class=\"elementor-button-text\">Formul\u00e1rio<\/span>\n\t\t\t\t\t<\/span>\n\t\t\t\t\t<\/a>\n\t\t\t\t<\/div>\n\t\t\t\t\t\t\t\t<\/div>\n\t\t\t\t<\/div>\n\t\t\t\t\t<\/div>\n\t\t\t\t<\/div>\n\t\t<div class=\"elementor-element elementor-element-d96c5f1 e-flex e-con-boxed e-con e-parent\" data-id=\"d96c5f1\" data-element_type=\"container\" data-e-type=\"container\">\n\t\t\t\t\t<div class=\"e-con-inner\">\n\t\t\t\t<div class=\"elementor-element elementor-element-183fab5 elementor-widget-divider--view-line elementor-widget elementor-widget-divider\" data-id=\"183fab5\" data-element_type=\"widget\" data-e-type=\"widget\" data-widget_type=\"divider.default\">\n\t\t\t\t<div class=\"elementor-widget-container\">\n\t\t\t\t\t\t\t<div class=\"elementor-divider\">\n\t\t\t<span class=\"elementor-divider-separator\">\n\t\t\t\t\t\t<\/span>\n\t\t<\/div>\n\t\t\t\t\t\t<\/div>\n\t\t\t\t<\/div>\n\t\t\t\t\t<\/div>\n\t\t\t\t<\/div>\n\t\t<div class=\"elementor-element elementor-element-70c062b e-flex e-con-boxed e-con e-parent\" data-id=\"70c062b\" data-element_type=\"container\" data-e-type=\"container\">\n\t\t\t\t\t<div class=\"e-con-inner\">\n\t\t<div class=\"elementor-element elementor-element-3bcf464 e-con-full e-flex e-con e-child\" data-id=\"3bcf464\" data-element_type=\"container\" data-e-type=\"container\">\n\t\t<div class=\"elementor-element elementor-element-981eecf e-con-full e-flex e-con e-child\" data-id=\"981eecf\" data-element_type=\"container\" data-e-type=\"container\">\n\t\t\t\t<div class=\"elementor-element elementor-element-c65bb1c elementor-widget elementor-widget-text-editor\" data-id=\"c65bb1c\" data-element_type=\"widget\" data-e-type=\"widget\" data-widget_type=\"text-editor.default\">\n\t\t\t\t<div class=\"elementor-widget-container\">\n\t\t\t\t\t\t\t\t\t<h3>Pedir Suporte Remoto<\/h3>\t\t\t\t\t\t\t\t<\/div>\n\t\t\t\t<\/div>\n\t\t\t\t<div class=\"elementor-element elementor-element-f125bf4 elementor-hidden-mobile elementor-widget elementor-widget-button\" data-id=\"f125bf4\" data-element_type=\"widget\" data-e-type=\"widget\" data-widget_type=\"button.default\">\n\t\t\t\t<div class=\"elementor-widget-container\">\n\t\t\t\t\t\t\t\t\t<div class=\"elementor-button-wrapper\">\n\t\t\t\t\t<a class=\"elementor-button elementor-button-link elementor-size-sm\" href=\"https:\/\/www.nanosystems.it\/public\/download\/Supremo.exe\">\n\t\t\t\t\t\t<span class=\"elementor-button-content-wrapper\">\n\t\t\t\t\t\t\t\t\t<span class=\"elementor-button-text\">Dowload<\/span>\n\t\t\t\t\t<\/span>\n\t\t\t\t\t<\/a>\n\t\t\t\t<\/div>\n\t\t\t\t\t\t\t\t<\/div>\n\t\t\t\t<\/div>\n\t\t\t\t<\/div>\n\t\t\t\t<\/div>\n\t\t<div class=\"elementor-element elementor-element-6f8d404 e-con-full e-flex e-con e-child\" data-id=\"6f8d404\" data-element_type=\"container\" data-e-type=\"container\">\n\t\t\t\t<div class=\"elementor-element elementor-element-6a640fd elementor-widget elementor-widget-text-editor\" data-id=\"6a640fd\" data-element_type=\"widget\" data-e-type=\"widget\" data-widget_type=\"text-editor.default\">\n\t\t\t\t<div class=\"elementor-widget-container\">\n\t\t\t\t\t\t\t\t\t<ul><li data-start=\"556\" data-end=\"635\"><p data-start=\"558\" data-end=\"635\">Certifique-se de que contactou previamente o nosso suporte.<\/p><\/li><li data-start=\"556\" data-end=\"635\"><p data-start=\"558\" data-end=\"635\">Clique no bot\u00e3o para descarregar a ferramenta de assist\u00eancia.<\/p><\/li><li data-start=\"556\" data-end=\"635\"><p data-start=\"558\" data-end=\"635\">Execute o programa descarregado no seu computador.<\/p><\/li><li data-start=\"556\" data-end=\"635\"><p data-start=\"558\" data-end=\"635\">Partilhe o c\u00f3digo gerado com o t\u00e9cnico durante a chamada.<\/p><\/li><li data-start=\"556\" data-end=\"635\"><p data-start=\"558\" data-end=\"635\">Aguarde que o t\u00e9cnico se conecte ao seu dispositivo.<\/p><\/li><\/ul>\t\t\t\t\t\t\t\t<\/div>\n\t\t\t\t<\/div>\n\t\t\t\t<\/div>\n\t\t\t\t\t<\/div>\n\t\t\t\t<\/div>\n\t\t<div class=\"elementor-element elementor-element-3426913 e-flex e-con-boxed e-con e-parent\" data-id=\"3426913\" data-element_type=\"container\" data-e-type=\"container\">\n\t\t\t\t\t<div class=\"e-con-inner\">\n\t\t\t\t<div class=\"elementor-element elementor-element-53a2263 elementor-mobile-align-center elementor-hidden-desktop elementor-hidden-tablet elementor-widget elementor-widget-button\" data-id=\"53a2263\" data-element_type=\"widget\" data-e-type=\"widget\" data-widget_type=\"button.default\">\n\t\t\t\t<div class=\"elementor-widget-container\">\n\t\t\t\t\t\t\t\t\t<div class=\"elementor-button-wrapper\">\n\t\t\t\t\t<a class=\"elementor-button elementor-button-link elementor-size-sm\" href=\"https:\/\/www.nanosystems.it\/public\/download\/Supremo.exe\">\n\t\t\t\t\t\t<span class=\"elementor-button-content-wrapper\">\n\t\t\t\t\t\t\t\t\t<span class=\"elementor-button-text\">Dowload<\/span>\n\t\t\t\t\t<\/span>\n\t\t\t\t\t<\/a>\n\t\t\t\t<\/div>\n\t\t\t\t\t\t\t\t<\/div>\n\t\t\t\t<\/div>\n\t\t\t\t\t<\/div>\n\t\t\t\t<\/div>\n\t\t<div class=\"elementor-element elementor-element-6a3605e e-flex e-con-boxed e-con e-parent\" data-id=\"6a3605e\" data-element_type=\"container\" data-e-type=\"container\">\n\t\t\t\t\t<div class=\"e-con-inner\">\n\t\t\t\t<div class=\"elementor-element elementor-element-989edbc elementor-widget elementor-widget-menu-anchor\" data-id=\"989edbc\" data-element_type=\"widget\" data-e-type=\"widget\" data-widget_type=\"menu-anchor.default\">\n\t\t\t\t<div class=\"elementor-widget-container\">\n\t\t\t\t\t\t\t<div class=\"elementor-menu-anchor\" id=\"form\"><\/div>\n\t\t\t\t\t\t<\/div>\n\t\t\t\t<\/div>\n\t\t\t\t<div class=\"elementor-element elementor-element-0189404 elementor-widget elementor-widget-spacer\" data-id=\"0189404\" data-element_type=\"widget\" data-e-type=\"widget\" data-widget_type=\"spacer.default\">\n\t\t\t\t<div class=\"elementor-widget-container\">\n\t\t\t\t\t\t\t<div class=\"elementor-spacer\">\n\t\t\t<div class=\"elementor-spacer-inner\"><\/div>\n\t\t<\/div>\n\t\t\t\t\t\t<\/div>\n\t\t\t\t<\/div>\n\t\t\t\t<div class=\"elementor-element elementor-element-f840416 date-field elementor-widget elementor-widget-shortcode\" data-id=\"f840416\" data-element_type=\"widget\" data-e-type=\"widget\" id=\"data-pedido\" data-widget_type=\"shortcode.default\">\n\t\t\t\t<div class=\"elementor-widget-container\">\n\t\t\t\t\t\t\t<div class=\"elementor-shortcode\">\n<div class=\"wpcf7 no-js\" id=\"wpcf7-f6-o1\" lang=\"pt-PT\" dir=\"ltr\" data-wpcf7-id=\"6\">\n<div class=\"screen-reader-response\"><p role=\"status\" aria-live=\"polite\" aria-atomic=\"true\"><\/p> <ul><\/ul><\/div>\n<form action=\"\/index.php\/wp-json\/wp\/v2\/pages\/440#wpcf7-f6-o1\" method=\"post\" class=\"wpcf7-form init\" aria-label=\"Formul\u00e1rio de contacto\" enctype=\"multipart\/form-data\" novalidate=\"novalidate\" data-status=\"init\">\n<fieldset class=\"hidden-fields-container\"><input type=\"hidden\" name=\"_wpcf7\" value=\"6\" \/><input type=\"hidden\" name=\"_wpcf7_version\" value=\"6.1.5\" \/><input type=\"hidden\" name=\"_wpcf7_locale\" value=\"pt_PT\" \/><input type=\"hidden\" name=\"_wpcf7_unit_tag\" value=\"wpcf7-f6-o1\" \/><input type=\"hidden\" name=\"_wpcf7_container_post\" value=\"0\" \/><input type=\"hidden\" name=\"_wpcf7_posted_data_hash\" value=\"\" \/>\n<\/fieldset>\n<div class=\"support-form\">\n <!-- Se\u00e7\u00e3o de categorias com checkboxes -->\n\t<div class=\"form-section\">\n\t\t<h3>Hardware\n\t\t<\/h3>\n\t\t<p><span class=\"wpcf7-form-control-wrap\" data-name=\"hardware-option\"><span class=\"wpcf7-form-control wpcf7-checkbox\"><span class=\"wpcf7-list-item first\"><input type=\"checkbox\" name=\"hardware-option[]\" value=\"PC\" \/><span class=\"wpcf7-list-item-label\">PC<\/span><\/span><span class=\"wpcf7-list-item\"><input type=\"checkbox\" name=\"hardware-option[]\" value=\"Port\u00e1til\" \/><span class=\"wpcf7-list-item-label\">Port\u00e1til<\/span><\/span><span class=\"wpcf7-list-item last\"><input type=\"checkbox\" name=\"hardware-option[]\" value=\"Impressoras\" \/><span class=\"wpcf7-list-item-label\">Impressoras<\/span><\/span><\/span><\/span>\n\t\t<\/p>\n\t<\/div>\n\t<div class=\"form-section\">\n\t\t<h3>Software\n\t\t<\/h3>\n\t\t<p><span class=\"wpcf7-form-control-wrap\" data-name=\"software-option\"><span class=\"wpcf7-form-control wpcf7-checkbox\"><span class=\"wpcf7-list-item first\"><input type=\"checkbox\" name=\"software-option[]\" value=\"Zonesoft\" \/><span class=\"wpcf7-list-item-label\">Zonesoft<\/span><\/span><span class=\"wpcf7-list-item last\"><input type=\"checkbox\" name=\"software-option[]\" value=\"Microsoft \/ Office\" \/><span class=\"wpcf7-list-item-label\">Microsoft \/ Office<\/span><\/span><\/span><\/span>\n\t\t<\/p>\n\t<\/div>\n\t<div class=\"form-section\">\n\t\t<h3>Seguran\u00e7a\n\t\t<\/h3>\n\t\t<p><span class=\"wpcf7-form-control-wrap\" data-name=\"security-option\"><span class=\"wpcf7-form-control wpcf7-checkbox\"><span class=\"wpcf7-list-item first\"><input type=\"checkbox\" name=\"security-option[]\" value=\"Backups\" \/><span class=\"wpcf7-list-item-label\">Backups<\/span><\/span><span class=\"wpcf7-list-item last\"><input type=\"checkbox\" name=\"security-option[]\" value=\"Antiv\u00edrus\" \/><span class=\"wpcf7-list-item-label\">Antiv\u00edrus<\/span><\/span><\/span><\/span>\n\t\t<\/p>\n\t<\/div>\n\t<div class=\"form-section\">\n\t\t<h3>Internet\n\t\t<\/h3>\n\t\t<p><span class=\"wpcf7-form-control-wrap\" data-name=\"internet-option\"><span class=\"wpcf7-form-control wpcf7-checkbox\"><span class=\"wpcf7-list-item first\"><input type=\"checkbox\" name=\"internet-option[]\" value=\"Dom\u00ednios\" \/><span class=\"wpcf7-list-item-label\">Dom\u00ednios<\/span><\/span><span class=\"wpcf7-list-item\"><input type=\"checkbox\" name=\"internet-option[]\" value=\"Alojamento\" \/><span class=\"wpcf7-list-item-label\">Alojamento<\/span><\/span><span class=\"wpcf7-list-item\"><input type=\"checkbox\" name=\"internet-option[]\" value=\"Website\" \/><span class=\"wpcf7-list-item-label\">Website<\/span><\/span><span class=\"wpcf7-list-item last\"><input type=\"checkbox\" name=\"internet-option[]\" value=\"Emails\" \/><span class=\"wpcf7-list-item-label\">Emails<\/span><\/span><\/span><\/span>\n\t\t<\/p>\n\t<\/div>\n\n <!-- Campos obrigat\u00f3rios -->\n\t<div class=\"form-row\">\n\t\t<div class=\"form-field\">\n\t\t\t<p><label>Empresa: *<\/label><br \/>\n<span class=\"wpcf7-form-control-wrap\" data-name=\"empresa\"><input size=\"40\" maxlength=\"400\" class=\"wpcf7-form-control wpcf7-text wpcf7-validates-as-required\" aria-required=\"true\" aria-invalid=\"false\" placeholder=\"Nome da empresa que requisita o servi\u00e7o\" value=\"\" type=\"text\" name=\"empresa\" \/><\/span>\n\t\t\t<\/p>\n\t\t<\/div>\n\t\t<div class=\"form-field\">\n\t\t\t<p><label>Pedido efetuado por: *<\/label><br \/>\n<span class=\"wpcf7-form-control-wrap\" data-name=\"pedido-por\"><input size=\"40\" maxlength=\"400\" class=\"wpcf7-form-control wpcf7-text wpcf7-validates-as-required\" aria-required=\"true\" aria-invalid=\"false\" placeholder=\"Nome da pessoa que efetuou o pedido\" value=\"\" type=\"text\" name=\"pedido-por\" \/><\/span>\n\t\t\t<\/p>\n\t\t<\/div>\n\t<\/div>\n\t<div class=\"form-row\">\n\t\t<div class=\"form-field\">\n\t\t\t<p><label>Email: *<\/label><br \/>\n<span class=\"wpcf7-form-control-wrap\" data-name=\"email-contato\"><input size=\"40\" maxlength=\"400\" class=\"wpcf7-form-control wpcf7-email wpcf7-validates-as-required wpcf7-text wpcf7-validates-as-email\" aria-required=\"true\" aria-invalid=\"false\" value=\"\" type=\"email\" name=\"email-contato\" \/><\/span>\n\t\t\t<\/p>\n\t\t<\/div>\n\t\t<div class=\"form-field\">\n\t\t\t<p><label>Contacto: *<\/label><br \/>\n<span class=\"wpcf7-form-control-wrap\" data-name=\"telefone\"><input size=\"40\" maxlength=\"400\" class=\"wpcf7-form-control wpcf7-tel wpcf7-validates-as-required wpcf7-text wpcf7-validates-as-tel\" aria-required=\"true\" aria-invalid=\"false\" placeholder=\"N\u00famero de telefone\" value=\"\" type=\"tel\" name=\"telefone\" \/><\/span>\n\t\t\t<\/p>\n\t\t<\/div>\n\t<\/div>\n\t<div class=\"form-row\">\n\t\t<div class=\"form-field\">\n\t\t\t<p><label>Prioridade: *<\/label><br \/>\n<span class=\"wpcf7-form-control-wrap\" data-name=\"prioridade\"><select class=\"wpcf7-form-control wpcf7-select wpcf7-validates-as-required\" aria-required=\"true\" aria-invalid=\"false\" name=\"prioridade\"><option value=\"N\u00e3o urgente (48h)\">N\u00e3o urgente (48h)<\/option><option value=\"Urgente (24h)\">Urgente (24h)<\/option><option value=\"Muito urgente (4h)\">Muito urgente (4h)<\/option><\/select><\/span>\n\t\t\t<\/p>\n\t\t<\/div>\n\t\t<div class=\"form-field\">\n\t\t\t<p><label>Contratual: *<\/label><br \/>\n<span class=\"wpcf7-form-control-wrap\" data-name=\"contratual\"><span class=\"wpcf7-form-control wpcf7-radio\"><span class=\"wpcf7-list-item first\"><input type=\"radio\" name=\"contratual\" value=\"Sim\" \/><span class=\"wpcf7-list-item-label\">Sim<\/span><\/span><span class=\"wpcf7-list-item last\"><input type=\"radio\" name=\"contratual\" value=\"N\u00e3o\" \/><span class=\"wpcf7-list-item-label\">N\u00e3o<\/span><\/span><\/span><\/span>\n\t\t\t<\/p>\n\t\t<\/div>\n\t<\/div>\n\t<div class=\"form-row\">\n\t\t<div class=\"form-field\">\n\t\t\t<p><label>Data do pedido: *<\/label><br \/>\n<span class=\"wpcf7-form-control-wrap\" data-name=\"data-pedido\"><input class=\"wpcf7-form-control wpcf7-date wpcf7-validates-as-required wpcf7-validates-as-date\" aria-required=\"true\" aria-invalid=\"false\" value=\"\" type=\"date\" name=\"data-pedido\" \/><\/span>\n\t\t\t<\/p>\n\t\t<\/div>\n\t\t<div class=\"form-field\">\n\t\t\t<p><label>Departamento: *<\/label><br \/>\n<span class=\"wpcf7-form-control-wrap\" data-name=\"departamento\"><select class=\"wpcf7-form-control wpcf7-select wpcf7-validates-as-required\" aria-required=\"true\" aria-invalid=\"false\" name=\"departamento\"><option value=\"Dep. Comercial\">Dep. Comercial<\/option><option value=\"Dep. T\u00e9cnico\">Dep. T\u00e9cnico<\/option><option value=\"Dep. Financeiro\">Dep. Financeiro<\/option><option value=\"Administra\u00e7\u00e3o\">Administra\u00e7\u00e3o<\/option><\/select><\/span>\n\t\t\t<\/p>\n\t\t<\/div>\n\t<\/div>\n\n <!-- Descri\u00e7\u00e3o -->\n\t<div class=\"form-field-full\">\n\t\t<p><label>Descri\u00e7\u00e3o: *<\/label><br \/>\n<span class=\"wpcf7-form-control-wrap\" data-name=\"descricao\"><textarea cols=\"40\" rows=\"10\" maxlength=\"2000\" class=\"wpcf7-form-control wpcf7-textarea wpcf7-validates-as-required\" aria-required=\"true\" aria-invalid=\"false\" placeholder=\"Descri\u00e7\u00e3o do pedido de suporte\" name=\"descricao\"><\/textarea><\/span>\n\t\t<\/p>\n\t<\/div>\n\n <!-- Upload de ficheiros -->\n\t<div class=\"form-field-full\">\n\t\t<p><label>Ficheiros Anexos:<\/label><br \/>\n<span class=\"wpcf7-form-control-wrap\" data-name=\"ficheiros\"><input size=\"40\" class=\"wpcf7-form-control wpcf7-file\" accept=\".jpg,.jpeg,.png,.pdf,.doc,.docx,.xls,.xlsx\" aria-invalid=\"false\" type=\"file\" name=\"ficheiros\" \/><\/span><br \/>\n<small>Tamanho m\u00e1x. de ficheiro: 10 MB<\/small>\n\t\t<\/p>\n\t<\/div>\n\n <!-- Bot\u00e3o de envio -->\n\t<p><input class=\"wpcf7-form-control wpcf7-submit has-spinner\" type=\"submit\" value=\"Submeter\" \/>\n\t<\/p>\n<\/div><div class=\"wpcf7-response-output\" aria-hidden=\"true\"><\/div>\n<\/form>\n<\/div>\n<\/div>\n\t\t\t\t\t\t<\/div>\n\t\t\t\t<\/div>\n\t\t\t\t\t<\/div>\n\t\t\t\t<\/div>\n\t\t\t\t<\/div>\n\t\t","protected":false},"excerpt":{"rendered":"<p>Pedir Ajuda E-mail Formul\u00e1rio Escolha entre e-mail ou por formul\u00e1rio conforme a sua prefer\u00eancia. Descreva detalhadamente o seu problema ou quest\u00e3o. A nossa equipa responder\u00e1 o mais rapidamente poss\u00edvel. Para quest\u00f5es urgentes, utilize o formul\u00e1rio para resposta mais r\u00e1pida. Tamb\u00e9m pode enviar a sua quest\u00e3o diretamente para suporte@pc-farma.com E-mail Formul\u00e1rio Pedir Suporte Remoto Dowload Certifique-se [&hellip;]<\/p>\n","protected":false},"author":2,"featured_media":0,"parent":0,"menu_order":0,"comment_status":"closed","ping_status":"closed","template":"elementor_header_footer","meta":{"footnotes":""},"class_list":["post-440","page","type-page","status-publish","hentry"],"_links":{"self":[{"href":"https:\/\/pc-farma.com\/index.php\/wp-json\/wp\/v2\/pages\/440","targetHints":{"allow":["GET"]}}],"collection":[{"href":"https:\/\/pc-farma.com\/index.php\/wp-json\/wp\/v2\/pages"}],"about":[{"href":"https:\/\/pc-farma.com\/index.php\/wp-json\/wp\/v2\/types\/page"}],"author":[{"embeddable":true,"href":"https:\/\/pc-farma.com\/index.php\/wp-json\/wp\/v2\/users\/2"}],"replies":[{"embeddable":true,"href":"https:\/\/pc-farma.com\/index.php\/wp-json\/wp\/v2\/comments?post=440"}],"version-history":[{"count":80,"href":"https:\/\/pc-farma.com\/index.php\/wp-json\/wp\/v2\/pages\/440\/revisions"}],"predecessor-version":[{"id":680,"href":"https:\/\/pc-farma.com\/index.php\/wp-json\/wp\/v2\/pages\/440\/revisions\/680"}],"wp:attachment":[{"href":"https:\/\/pc-farma.com\/index.php\/wp-json\/wp\/v2\/media?parent=440"}],"curies":[{"name":"wp","href":"https:\/\/api.w.org\/{rel}","templated":true}]}}